{"id":2548,"date":"2018-06-29T08:41:13","date_gmt":"2018-06-29T06:41:13","guid":{"rendered":"https:\/\/www.interface-pol.ch\/?page_id=2548"},"modified":"2018-09-12T13:20:16","modified_gmt":"2018-09-12T11:20:16","slug":"justice-et-securite","status":"publish","type":"page","link":"https:\/\/www.interface-pol.ch\/fr\/themes\/justice-et-securite","title":{"rendered":"Justice et s\u00e9curit\u00e9"},"content":{"rendered":"<p>Nous connaissons les enjeux des \u00e9valuations dans le domaine de la justice et soutenons les tribunaux et l\u2019administration avec comp\u00e9tence dans les questions organisationnelles et lors de la mesure des prestations et des effets. Nous effectuons en outre des \u00e9valuations et des consultations dans le domaine de la police et de la s\u00e9curit\u00e9.<\/p>\n","protected":false},"excerpt":{"rendered":"<p>Nous connaissons les enjeux des \u00e9valuations dans le domaine de la justice et soutenons les tribunaux et l\u2019administration avec comp\u00e9tence &hellip;<\/p>\n","protected":false},"author":56,"featured_media":3521,"parent":265,"menu_order":0,"comment_status":"closed","ping_status":"closed","template":"","meta":{"_acf_changed":false,"footnotes":""},"class_list":["post-2548","page","type-page","status-publish","has-post-thumbnail","hentry"],"acf":[],"_links":{"self":[{"href":"https:\/\/www.interface-pol.ch\/fr\/wp-json\/wp\/v2\/pages\/2548","targetHints":{"allow":["GET"]}}],"collection":[{"href":"https:\/\/www.interface-pol.ch\/fr\/wp-json\/wp\/v2\/pages"}],"about":[{"href":"https:\/\/www.interface-pol.ch\/fr\/wp-json\/wp\/v2\/types\/page"}],"author":[{"embeddable":true,"href":"https:\/\/www.interface-pol.ch\/fr\/wp-json\/wp\/v2\/users\/56"}],"replies":[{"embeddable":true,"href":"https:\/\/www.interface-pol.ch\/fr\/wp-json\/wp\/v2\/comments?post=2548"}],"version-history":[{"count":0,"href":"https:\/\/www.interface-pol.ch\/fr\/wp-json\/wp\/v2\/pages\/2548\/revisions"}],"up":[{"embeddable":true,"href":"https:\/\/www.interface-pol.ch\/fr\/wp-json\/wp\/v2\/pages\/265"}],"wp:featuredmedia":[{"embeddable":true,"href":"https:\/\/www.interface-pol.ch\/fr\/wp-json\/wp\/v2\/media\/3521"}],"wp:attachment":[{"href":"https:\/\/www.interface-pol.ch\/fr\/wp-json\/wp\/v2\/media?parent=2548"}],"curies":[{"name":"wp","href":"https:\/\/api.w.org\/{rel}","templated":true}]}}